{"id":3216,"date":"2018-03-24T11:09:42","date_gmt":"2018-03-24T08:09:42","guid":{"rendered":"http:\/\/rutador.md\/?page_id=3216"},"modified":"2020-05-22T11:59:55","modified_gmt":"2020-05-22T08:59:55","slug":"projects","status":"publish","type":"page","link":"https:\/\/rutador.md\/ro\/projects\/","title":{"rendered":"Proiecte"},"content":{"rendered":"<style type=\"text\/css\"> \n#cmsms_row_69dead1d4f002 .cmsms_row_outer_parent { \n\tpadding-top: 0px; \n} \n\n#cmsms_row_69dead1d4f002 .cmsms_row_outer_parent { \n\tpadding-bottom: 50px; \n} \n\n<\/style><div id=\"cmsms_row_69dead1d4f002\" class=\"cmsms_row cmsms_color_scheme_default\">\n<div class=\"cmsms_row_outer_parent\">\n<div class=\"cmsms_row_outer\">\n<div class=\"cmsms_row_inner\">\n<div class=\"cmsms_row_margin\">\n<div class=\"cmsms_column one_first\">\n<div class=\"cmsms_wrap_blog entry-summary\" id=\"blog_69dead1d4f115\"><script type=\"text\/javascript\">\njQuery(document).ready(function () {\n\t(function ($) {\n\t\tif ($('#blog_69dead1d4f115').find('article').length == '0') {\n\t\t\treturn false;\n\t\t}\n\t\t\n\t\n\t\tstartBlog( \n\t\t\t'69dead1d4f115', \n\t\t\t'columns', \n\t\t\t'grid', \n\t\t\t'https:\/\/rutador.md\/wp-content\/plugins\/cmsms-content-composer\/', \n\t\t\t'date', \n\t\t\t'DESC', \n\t\t\t'12', \n\t\t\t'', \n\t\t\t'' \n\t\t);\n\t} )(jQuery);\n} );\n<\/script>\n<div class=\"cmsms_post_filter_wrap\">\n\t\t\t\t<div class=\"cmsms_post_filter\">\n\t\t\t\t\t<span class=\"cmsms_post_filter_loader\"><\/span>\n\t\t\t\t\t<div class=\"cmsms_post_filter_block\">\n\t\t\t\t\t\t<a class=\"cmsms_post_filter_but cmsms-icon-menu button\">\n\t\t\t\t\t\t\t<span>Filter<\/span>\n\t\t\t\t\t\t<\/a>\n\t\t\t\t\t\t<ul class=\"cmsms_post_filter_list\">\n\t\t\t\t\t\t\t<li class=\"current\">\n\t\t\t\t\t\t\t\t<a class=\"button\" data-filter=\"article.post\"  title=\"All Categories\" href=\"javascript:void(0);\">\n\t\t\t\t\t\t\t\t\t<span>All Categories<\/span>\n\t\t\t\t\t\t\t\t<\/a>\n\t\t\t\t\t\t\t<\/li><li>\n\t\t\t\t\t\t\t\t\t\t<a class=\"button\" href=\"#\" data-filter=\"article.post[data-category~='noutati']\" title=\"Nout\u0103\u021bi\">\n\t\t\t\t\t\t\t\t\t\t\t<span>Nout\u0103\u021bi<\/span>\n\t\t\t\t\t\t\t\t\t\t<\/a>\n\t\t\t\t\t\t\t\t\t<\/li><li>\n\t\t\t\t\t\t\t\t\t\t<a class=\"button\" href=\"#\" data-filter=\"article.post[data-category~='projects']\" title=\"Proiecte\">\n\t\t\t\t\t\t\t\t\t\t\t<span>Proiecte<\/span>\n\t\t\t\t\t\t\t\t\t\t<\/a>\n\t\t\t\t\t\t\t\t\t<\/li><\/ul>\n\t\t\t\t\t<\/div>\n\t\t\t\t<\/div>\n\t\t\t<\/div><div class=\"blog columns grid cmsms_3\">\n<!--_________________________ Start Standard Article _________________________ -->\n\n<article id=\"post-3319\" class=\"cmsms_masonry_type post-3319 post type-post status-publish format-standard has-post-thumbnail hentry category-noutati\" data-category=\"noutati\">\n\t<span class=\"cmsms_post_format_img  cmsms-icon-desktop-3\"><\/span>\n\t<div class=\"cmsms_post_cont\">\n\t<figure><a href=\"https:\/\/rutador.md\/ro\/2018\/03\/24\/10-unitati-noi-de-tehnica\/\" title=\"10 unit\u0103\u021bi noi de tehnic\u0103\" class=\"cmsms_img_link preloader\"><img width=\"580\" height=\"390\" src=\"https:\/\/rutador.md\/wp-content\/uploads\/2018\/03\/Big-Sonik-Ski_Road_Project_Kazakhstan_2-580x390.jpg\" class=\"full-width wp-post-image\" alt=\"10 unit\u0103\u021bi noi de tehnic\u0103\" decoding=\"async\" loading=\"lazy\" title=\"10 unit\u0103\u021bi noi de tehnic\u0103\" \/><\/a><\/figure><header class=\"cmsms_post_header entry-header\"><h2 class=\"cmsms_post_title entry-title\"><a href=\"https:\/\/rutador.md\/ro\/2018\/03\/24\/10-unitati-noi-de-tehnica\/\">10 unit\u0103\u021bi noi de tehnic\u0103<\/a><\/h2><\/header><div class=\"cmsms_post_content entry-content\">\n<\/div>\n\t<\/div>\n<\/article>\n<!--_________________________ Finish Standard Article _________________________ -->\n\n\n<!--_________________________ Start Standard Article _________________________ -->\n\n<article id=\"post-3315\" class=\"cmsms_masonry_type post-3315 post type-post status-publish format-standard has-post-thumbnail hentry category-projects\" data-category=\"projects\">\n\t<span class=\"cmsms_post_format_img  cmsms-icon-desktop-3\"><\/span>\n\t<div class=\"cmsms_post_cont\">\n\t<figure><a href=\"https:\/\/rutador.md\/ro\/2018\/03\/24\/rehabilitation-of-r3\/\" title=\"Reparatia drumului R3 Chisinau &#8211; Hincesti &#8211; Cimislia &#8211; Basarabeasca, KM 51+250 &#8211; KM 68+557\" class=\"cmsms_img_link preloader\"><img width=\"580\" height=\"390\" src=\"https:\/\/rutador.md\/wp-content\/uploads\/2018\/03\/road_construction_300116-580x390.jpg\" class=\"full-width wp-post-image\" alt=\"Reparatia drumului R3 Chisinau &#8211; Hincesti &#8211; Cimislia &#8211; Basarabeasca, KM 51+250 &#8211; KM 68+557\" decoding=\"async\" loading=\"lazy\" title=\"Reparatia drumului R3 Chisinau &#8211; Hincesti &#8211; Cimislia &#8211; Basarabeasca, KM 51+250 &#8211; KM 68+557\" \/><\/a><\/figure><header class=\"cmsms_post_header entry-header\"><h2 class=\"cmsms_post_title entry-title\"><a href=\"https:\/\/rutador.md\/ro\/2018\/03\/24\/rehabilitation-of-r3\/\">Reparatia drumului R3 Chisinau &#8211; Hincesti &#8211; Cimislia &#8211; Basarabeasca, KM 51+250 &#8211; KM 68+557<\/a><\/h2><\/header><div class=\"cmsms_post_content entry-content\">\n<\/div>\n\t<\/div>\n<\/article>\n<!--_________________________ Finish Standard Article _________________________ -->\n\n\n<!--_________________________ Start Standard Article _________________________ -->\n\n<article id=\"post-3313\" class=\"cmsms_masonry_type post-3313 post type-post status-publish format-standard has-post-thumbnail hentry category-projects\" data-category=\"projects\">\n\t<span class=\"cmsms_post_format_img  cmsms-icon-desktop-3\"><\/span>\n\t<div class=\"cmsms_post_cont\">\n\t<figure><a href=\"https:\/\/rutador.md\/ro\/2018\/03\/24\/100-km-de-drumuri-locale\/\" title=\"100 km de drumuri locale\" class=\"cmsms_img_link preloader\"><img width=\"580\" height=\"390\" src=\"https:\/\/rutador.md\/wp-content\/uploads\/2018\/03\/road-construction-580x390.png\" class=\"full-width wp-post-image\" alt=\"100 km de drumuri locale\" decoding=\"async\" loading=\"lazy\" title=\"100 km de drumuri locale\" \/><\/a><\/figure><header class=\"cmsms_post_header entry-header\"><h2 class=\"cmsms_post_title entry-title\"><a href=\"https:\/\/rutador.md\/ro\/2018\/03\/24\/100-km-de-drumuri-locale\/\">100 km de drumuri locale<\/a><\/h2><\/header><div class=\"cmsms_post_content entry-content\">\n<p>Lorem Ipsum\u00a0is simply dummy text of the printing and typesetting industry. Lorem Ipsum has been the industry&#8217;s standard dummy text ever since the 1500s, when...<\/p>\n<\/div>\n\t<\/div>\n<\/article>\n<!--_________________________ Finish Standard Article _________________________ -->\n\n\n<!--_________________________ Start Standard Article _________________________ -->\n\n<article id=\"post-3310\" class=\"cmsms_masonry_type post-3310 post type-post status-publish format-standard has-post-thumbnail hentry category-projects\" data-category=\"projects\">\n\t<span class=\"cmsms_post_format_img  cmsms-icon-desktop-3\"><\/span>\n\t<div class=\"cmsms_post_cont\">\n\t<figure><a href=\"https:\/\/rutador.md\/ro\/2018\/03\/24\/10-proecte-noi-pentru-moldova\/\" title=\"10 proecte noi Pentru Moldova\" class=\"cmsms_img_link preloader\"><img width=\"580\" height=\"390\" src=\"https:\/\/rutador.md\/wp-content\/uploads\/2018\/03\/Road-Construction5-580x390.jpg\" class=\"full-width wp-post-image\" alt=\"10 proecte noi Pentru Moldova\" decoding=\"async\" loading=\"lazy\" title=\"10 proecte noi Pentru Moldova\" srcset=\"https:\/\/rutador.md\/wp-content\/uploads\/2018\/03\/Road-Construction5-580x389.jpg 580w, https:\/\/rutador.md\/wp-content\/uploads\/2018\/03\/Road-Construction5-300x201.jpg 300w, https:\/\/rutador.md\/wp-content\/uploads\/2018\/03\/Road-Construction5-768x515.jpg 768w, https:\/\/rutador.md\/wp-content\/uploads\/2018\/03\/Road-Construction5.jpg 800w\" sizes=\"(max-width: 580px) 100vw, 580px\" \/><\/a><\/figure><header class=\"cmsms_post_header entry-header\"><h2 class=\"cmsms_post_title entry-title\"><a href=\"https:\/\/rutador.md\/ro\/2018\/03\/24\/10-proecte-noi-pentru-moldova\/\">10 proecte noi Pentru Moldova<\/a><\/h2><\/header><div class=\"cmsms_post_content entry-content\">\n<p>Lorem Ipsum\u00a0is simply dummy text of the printing and typesetting industry. Lorem Ipsum has been the industry&#8217;s standard dummy text ever since the 1500s, when...<\/p>\n<\/div>\n\t<\/div>\n<\/article>\n<!--_________________________ Finish Standard Article _________________________ -->\n\n\n<!--_________________________ Start Standard Article _________________________ -->\n\n<article id=\"post-3303\" class=\"cmsms_masonry_type post-3303 post type-post status-publish format-standard has-post-thumbnail hentry category-projects\" data-category=\"projects\">\n\t<span class=\"cmsms_post_format_img  cmsms-icon-desktop-3\"><\/span>\n\t<div class=\"cmsms_post_cont\">\n\t<figure><a href=\"https:\/\/rutador.md\/ro\/2016\/03\/24\/r30-causeni-bypass\/\" title=\"Constructia drumului R30 Anenii Noi-Causeni-Stefan Voda fr. cu Ucraina (ocolirea or. Causeni)\" class=\"cmsms_img_link preloader\"><img width=\"580\" height=\"390\" src=\"https:\/\/rutador.md\/wp-content\/uploads\/2018\/03\/road-construction-equipment-580x390.jpg\" class=\"full-width wp-post-image\" alt=\"Constructia drumului R30 Anenii Noi-Causeni-Stefan Voda fr. cu Ucraina (ocolirea or. Causeni)\" decoding=\"async\" loading=\"lazy\" title=\"Constructia drumului R30 Anenii Noi-Causeni-Stefan Voda fr. cu Ucraina (ocolirea or. Causeni)\" \/><\/a><\/figure><header class=\"cmsms_post_header entry-header\"><h2 class=\"cmsms_post_title entry-title\"><a href=\"https:\/\/rutador.md\/ro\/2016\/03\/24\/r30-causeni-bypass\/\">Constructia drumului R30 Anenii Noi-Causeni-Stefan Voda fr. cu Ucraina (ocolirea or. Causeni)<\/a><\/h2><\/header><div class=\"cmsms_post_content entry-content\">\n<p>text exemplu \u00cen ciuda opiniei publice, Lorem Ipsum nu e un simplu text f\u0103r\u0103 sens. El \u00ee\u015fi are r\u0103d\u0103cinile \u00eentr-o bucat\u0103 a literaturii clasice latine...<\/p>\n<\/div>\n\t<\/div>\n<\/article>\n<!--_________________________ Finish Standard Article _________________________ -->\n\n<\/div><div class=\"cmsms_wrap_more_posts\"><\/div><\/div>\n<\/div>\n<\/div>\n<\/div>\n<\/div>\n<\/div>\n<\/div>\n\n","protected":false},"excerpt":{"rendered":"","protected":false},"author":1,"featured_media":0,"parent":0,"menu_order":0,"comment_status":"closed","ping_status":"closed","template":"","meta":[],"_links":{"self":[{"href":"https:\/\/rutador.md\/ro\/wp-json\/wp\/v2\/pages\/3216"}],"collection":[{"href":"https:\/\/rutador.md\/ro\/wp-json\/wp\/v2\/pages"}],"about":[{"href":"https:\/\/rutador.md\/ro\/wp-json\/wp\/v2\/types\/page"}],"author":[{"embeddable":true,"href":"https:\/\/rutador.md\/ro\/wp-json\/wp\/v2\/users\/1"}],"replies":[{"embeddable":true,"href":"https:\/\/rutador.md\/ro\/wp-json\/wp\/v2\/comments?post=3216"}],"version-history":[{"count":11,"href":"https:\/\/rutador.md\/ro\/wp-json\/wp\/v2\/pages\/3216\/revisions"}],"predecessor-version":[{"id":3546,"href":"https:\/\/rutador.md\/ro\/wp-json\/wp\/v2\/pages\/3216\/revisions\/3546"}],"wp:attachment":[{"href":"https:\/\/rutador.md\/ro\/wp-json\/wp\/v2\/media?parent=3216"}],"curies":[{"name":"wp","href":"https:\/\/api.w.org\/{rel}","templated":true}]}}